{"id":64,"date":"2017-07-08T21:43:48","date_gmt":"2017-07-08T19:43:48","guid":{"rendered":"http:\/\/coachingtools.pl\/?page_id=64"},"modified":"2023-07-25T20:37:43","modified_gmt":"2023-07-25T18:37:43","slug":"poznajmy-sie","status":"publish","type":"page","link":"https:\/\/coachingtools.pl\/index.php\/poznajmy-sie\/","title":{"rendered":"Poznajmy si\u0119!"},"content":{"rendered":"<p>Cze\u015b\u0107,<\/p>\n<p>ten blog jest zbiorem porad, pomys\u0142\u00f3w i inspiracji powi\u0105zanych ze sklepem <a href=\"http:\/\/www.gadzetytrenera.pl\">Gad\u017cety Trenera<\/a>.<\/p>\n<p>Sklep stworzy\u0142y\u015bmy z pasji. Bana\u0142, ale prawdziwy.<\/p>\n<p>Oko\u0142o roku 2010 na polskim rynku rozpocz\u0105\u0142 si\u0119 boom na gry szkoleniowe. Oczywi\u015bcie gry by\u0142y wcze\u015bniej, a jeszcze wcze\u015bniej \u0107wiczenia, metody innego ni\u017c znany ze szko\u0142y spos\u00f3b uczenia ludzi. Ka\u017cdy szanuj\u0105cy si\u0119 trener mia\u0142 walizk\u0119\/worek pe\u0142en dziwno\u015bci: kostek, pi\u0142ek, kartek i co tam si\u0119 uda\u0142o zdoby\u0107. Do tego spisywane od koleg\u00f3w i kole\u017canek scenariusze \u0107wicze\u0144. Obie mia\u0142y\u015bmy takie gad\u017cety i obie marzy\u0142y\u015bmy po cichu, aby mie\u0107 ich wi\u0119cej i wi\u0119cej, lepsze, bardziej profesjonalne. Wymy\u015blanie nowych \u0107wicze\u0144 i scenariuszy jest super.<\/p>\n<p>A kto to my?<\/p>\n<p>Ula Rudzka-Stankiewicz &#8211; psycholo\u017cka, ekspertka grywalizacji, trenerka, facylitatorka, szukaj\u0105ca ci\u0105gle nowych wyzwa\u0144, pomys\u0142\u00f3w. To w\u0142a\u015bnie Ula w 2016 postanowi\u0142a marzenie wprowadzi\u0107 w \u017cycie i otworzy\u0107 sklep z tym wszystkim, co pomaga w prowadzeniu szkole\u0144 i warsztat\u00f3w.<\/p>\n<p>Beata Jakubowska &#8211; filozofka, ewaluatorka, PM, trenerka, administratorka TTT &#8211; najwi\u0119kszego polskiego forum trener\u00f3w na FB, za\u0142o\u017cycielka Klubu Trener\u00f3w Biznesu. Z Ul\u0105 zna\u0142y\u015bmy si\u0119 z Klubu. Ula, wiedz\u0105c, \u017ce taki sklep by\u0142 te\u017c moim pomys\u0142em (ale ona by\u0142a szybsza), zaproponowa\u0142a mi jego sprzeda\u017c. Odwiod\u0142am j\u0105 od tego zamiaru i dzi\u015b wsp\u00f3\u0142pracujemy.<\/p>\n<p>W 2019 do\u0142\u0105czy\u0142a do nas Xenia Wi\u015bniewska. Filolo\u017cka i t\u0142umaczka z pewn\u0105 niezwyk\u0142\u0105 cech\u0105, kt\u00f3rej nam brakowa\u0142o &#8211; Xenia lubi te tabelki, rubryczki i spokojne, skrupulatne wykonanie. Dwie szalone wizjonerki tego potrzebowa\u0142y, ch\u0142odnego rozs\u0105dku.<\/p>\n<p>Chwil\u0119 p\u00f3\u017aniej do grona do\u0142\u0105czy\u0142 Bartosz Kurowski, filozof, t\u0142umacz literacki i pedant. U niego musi by\u0107 r\u00f3wno, na czas i z najwy\u017csz\u0105 dba\u0142o\u015bci\u0105 o szczeg\u00f3\u0142y. To, \u017ce przez tyle lat paczki wysy\u0142ane s\u0105 niezw\u0142ocznie, w magazynie wszystko stoi na baczno\u015b\u0107, telefony i zapytania obs\u0142ugiwane s\u0105 natychmiast, jest zas\u0142ug\u0105 Bartka. To on wysy\u0142a Wam faktury noc\u0105, bo mo\u017ce kto\u015b potrzebuje zaksi\u0119gowa\u0107 koszt \ud83d\ude42<\/p>\n<p>Nale\u017cy te\u017c pami\u0119ta\u0107 o Joannie \u0141ukaszewicz &#8211; jest to najbardziej szalona i niekonwencjonalna ksi\u0119gowa, jak\u0105 znam. Jest te\u017c doradc\u0105 optymalizacji biznesowych.<\/p>\n<p>I to ca\u0142a nasza ekipa. Asia m\u00f3wi, \u017ce w jej karierze jest to jedyna firma, kt\u00f3ra potrafi zrobi\u0107 taki obr\u00f3t przy tak ma\u0142ej ilo\u015bci b\u0142\u0119d\u00f3w i przy tak ma\u0142ych zasobach ludzkich. Dlaczego? Na pewno dlatego, \u017ce po prostu lubimy t\u0119 robot\u0119, lubimy r\u00f3wnie\u017c siebie nawzajem, ale te\u017c, trenerze, trenuj si\u0119 sam &#8211; w praktyce stosujemy Lean. To dzia\u0142a!<\/p>\n<p>Wracaj\u0105c do sklepu: szybko wzbogacili\u015bmy ofert\u0119 i j\u0105 rozszerzyli\u015bmy. Dzi\u015b nie tylko trenerzy kupi\u0105 u nas \u015bwietne narz\u0119dzia . Mamy dzia\u0142 dla coach\u00f3w, dla psycholog\u00f3w i dla zaanga\u017cowanych pedagog\u00f3w. S\u0105 te\u017c akcesoria do samodzielnego tworzenia i urozmaicania \u0107wicze\u0144. Pami\u0119\u0107 po starych walizkach pe\u0142nych kostek, pi\u0142eczek i karteczek wci\u0105\u017c \u017cyje. Poniewa\u017c GT czynnie wspiera inicjatyw\u0119 Trenerzy dla Planety, mamy r\u00f3wnie\u017c outlet. Jest on miejscem, gdzie mo\u017cna kupi\u0107 narz\u0119dzia u\u017cywane, z brakami, i wszystkie te, kt\u00f3re doskonale mog\u0105 s\u0142u\u017cy\u0107, zamiast zalega\u0107 na p\u00f3\u0142kach lub co gorsza na \u015bmietnikach. Marnotrawstwo po prostu jest nie fair.<\/p>\n","protected":false},"excerpt":{"rendered":"<p>Cze\u015b\u0107, ten blog jest zbiorem porad, pomys\u0142\u00f3w i inspiracji powi\u0105zanych ze sklepem Gad\u017cety Trenera. Sklep stworzy\u0142y\u015bmy z pasji. Bana\u0142, ale prawdziwy. Oko\u0142o roku 2010 na polskim rynku rozpocz\u0105\u0142 si\u0119 boom na gry szkoleniowe. Oczywi\u015bcie gry<a class=\"read-more\" href=\"https:\/\/coachingtools.pl\/index.php\/poznajmy-sie\/\">Continue reading<\/a><\/p>\n","protected":false},"author":1,"featured_media":0,"parent":0,"menu_order":0,"comment_status":"closed","ping_status":"closed","template":"","meta":[],"_links":{"self":[{"href":"https:\/\/coachingtools.pl\/index.php\/wp-json\/wp\/v2\/pages\/64"}],"collection":[{"href":"https:\/\/coachingtools.pl\/index.php\/wp-json\/wp\/v2\/pages"}],"about":[{"href":"https:\/\/coachingtools.pl\/index.php\/wp-json\/wp\/v2\/types\/page"}],"author":[{"embeddable":true,"href":"https:\/\/coachingtools.pl\/index.php\/wp-json\/wp\/v2\/users\/1"}],"replies":[{"embeddable":true,"href":"https:\/\/coachingtools.pl\/index.php\/wp-json\/wp\/v2\/comments?post=64"}],"version-history":[{"count":5,"href":"https:\/\/coachingtools.pl\/index.php\/wp-json\/wp\/v2\/pages\/64\/revisions"}],"predecessor-version":[{"id":527,"href":"https:\/\/coachingtools.pl\/index.php\/wp-json\/wp\/v2\/pages\/64\/revisions\/527"}],"wp:attachment":[{"href":"https:\/\/coachingtools.pl\/index.php\/wp-json\/wp\/v2\/media?parent=64"}],"curies":[{"name":"wp","href":"https:\/\/api.w.org\/{rel}","templated":true}]}}